{"id":170,"date":"2020-04-09T12:17:42","date_gmt":"2020-04-09T10:17:42","guid":{"rendered":"http:\/\/mapacar.pl\/?page_id=170"},"modified":"2020-04-19T14:05:04","modified_gmt":"2020-04-19T12:05:04","slug":"texa-txts","status":"publish","type":"page","link":"https:\/\/mapacar.pl\/?page_id=170","title":{"rendered":"Texa TXT&#8217;s"},"content":{"rendered":"\n<p>Zaczynamy&#8230;<\/p>\n\n\n\n<p>Urz\u0105dzenie kt\u00f3re wybra\u0142em to TEXA TXT&#8217;s jest tzw. kombajnem. Co to znaczy? Mniej wi\u0119cej tyle \u017ce obs\u0142uguje kilka \u015brodowisk:<\/p>\n\n\n\n<ul class=\"wp-block-list\"><li>auta osobowe<\/li><li>auta ci\u0119\u017carowe<\/li><li>motocykle<\/li><li>maszyny rolnicze<\/li><li>\u0142odzie<\/li><\/ul>\n\n\n\n<p>Dlaczego do om\u00f3wienia wybra\u0142em interfejs TEXA TXTs? Odpowied\u017a jest do\u015b\u0107 prosta, u\u017cywam tego systemu do aut osobowych a mo\u017cliwo\u015bci rozbudowy o informacje techniczne, biuletyny, kalibracj\u0119 system\u00f3w ADAS czy chocia\u017cby mo\u017cliwo\u015b\u0107 wykupu Texa App, kt\u00f3re u\u0142atwiaj\u0105 prac\u0119, lista jest jeszcze wi\u0119ksza. Urz\u0105dzenie ma swoje wady i czasem trzeba si\u0119 wspomaga\u0107 innymi programami, ale przy ilo\u015bci system\u00f3w wyst\u0119puj\u0105cych w samochodach i ch\u0119ci robienia prawie ka\u017cdej marki, nigdy nie znajdziemy z\u0142otego \u015brodka.<\/p>\n\n\n\n<p>Program potrafi zrobi\u0107, kalibracj\u0119, sterowanie elementami wykonawczymi, testy np. wtrysk\u00f3w, kompresji cylindr\u00f3w, dopisane wtrysk\u00f3w itd. Nie wszystko jednak co jest w drzewku wyboru dzia\u0142a jak trzeba i mimo \u017ce urz\u0105dzenie odczytuje sterownik silnika, nie chc\u0119 skasowa\u0107 z niego b\u0142\u0119d\u00f3w (dziwne ale prawdziwe). Podgl\u0105d parametr\u00f3w rzeczywistych te\u017c do ko\u0144ca nie jest w 100% prawdziwy z tym co widzimy na ekranie laptopa&#8230; i trzeba wiedzie\u0107 czego si\u0119 spodziewa\u0107. W ko\u0144cu nie program naprawia, tylko ja \ud83d\ude09<\/p>\n\n\n\n<p>To tylko kilka prostych przyk\u0142ad\u00f3w, na kr\u00f3tkie wprowadzenie do tego dzia\u0142u. <a href=\"https:\/\/www.texapoland.pl\/\">https:\/\/www.texapoland.pl\/<\/a><\/p>\n\n\n\n<p>Pozdrawiam<\/p>\n\n\n\n<p>P.<\/p>\n\n\n\n<figure class=\"wp-block-image\"><img decoding=\"async\" src=\"https:\/\/mapacar.pl\/wp-content\/uploads\/2020\/04\/20200403_172318-1024x576.jpg\" alt=\"Obrazek posiada pusty atrybut alt; plik o nazwie 20200403_172318-1024x576.jpg\"\/><\/figure>\n\n\n\n<figure class=\"wp-block-image\"><img decoding=\"async\" src=\"https:\/\/mapacar.pl\/wp-content\/uploads\/2020\/04\/20200403_172206-1024x576.jpg\" alt=\"Obrazek posiada pusty atrybut alt; plik o nazwie 20200403_172206-1024x576.jpg\"\/><\/figure>\n\n\n\n<figure class=\"wp-block-image\"><img decoding=\"async\" src=\"https:\/\/mapacar.pl\/wp-content\/uploads\/2020\/04\/20200403_173419-1024x576.jpg\" alt=\"Obrazek posiada pusty atrybut alt; plik o nazwie 20200403_173419-1024x576.jpg\"\/><\/figure>\n\n\n\n<figure class=\"wp-block-image\"><img decoding=\"async\" src=\"https:\/\/mapacar.pl\/wp-content\/uploads\/2020\/04\/com.texa_.car_.autodia016-03.04.2020-17_26_01-1024x544.png\" alt=\"Obrazek posiada pusty atrybut alt; plik o nazwie com.texa_.car_.autodia016-03.04.2020-17_26_01-1024x544.png\"\/><\/figure>\n\n\n\n<figure class=\"wp-block-image\"><img decoding=\"async\" src=\"https:\/\/mapacar.pl\/wp-content\/uploads\/2020\/04\/com.texa_.car_.autodia016-03.04.2020-17_26_22-1024x544.png\" alt=\"Obrazek posiada pusty atrybut alt; plik o nazwie com.texa_.car_.autodia016-03.04.2020-17_26_22-1024x544.png\"\/><\/figure>\n","protected":false},"excerpt":{"rendered":"<p>Zaczynamy&#8230; Urz\u0105dzenie kt\u00f3re wybra\u0142em to TEXA TXT&#8217;s jest tzw. kombajnem. Co to znaczy? Mniej wi\u0119cej tyle \u017ce obs\u0142uguje kilka \u015brodowisk: auta osobowe auta ci\u0119\u017carowe motocykle maszyny rolnicze \u0142odzie Dlaczego do om\u00f3wienia wybra\u0142em interfejs TEXA TXTs? Odpowied\u017a jest do\u015b\u0107 prosta, u\u017cywam tego systemu do aut osobowych a mo\u017cliwo\u015bci rozbudowy o informacje techniczne, biuletyny, kalibracj\u0119 system\u00f3w ADAS [&hellip;]<\/p>\n","protected":false},"author":1,"featured_media":0,"parent":0,"menu_order":0,"comment_status":"closed","ping_status":"closed","template":"","meta":{"footnotes":""},"class_list":["post-170","page","type-page","status-publish","hentry"],"_links":{"self":[{"href":"https:\/\/mapacar.pl\/index.php?rest_route=\/wp\/v2\/pages\/170","targetHints":{"allow":["GET"]}}],"collection":[{"href":"https:\/\/mapacar.pl\/index.php?rest_route=\/wp\/v2\/pages"}],"about":[{"href":"https:\/\/mapacar.pl\/index.php?rest_route=\/wp\/v2\/types\/page"}],"author":[{"embeddable":true,"href":"https:\/\/mapacar.pl\/index.php?rest_route=\/wp\/v2\/users\/1"}],"replies":[{"embeddable":true,"href":"https:\/\/mapacar.pl\/index.php?rest_route=%2Fwp%2Fv2%2Fcomments&post=170"}],"version-history":[{"count":5,"href":"https:\/\/mapacar.pl\/index.php?rest_route=\/wp\/v2\/pages\/170\/revisions"}],"predecessor-version":[{"id":193,"href":"https:\/\/mapacar.pl\/index.php?rest_route=\/wp\/v2\/pages\/170\/revisions\/193"}],"wp:attachment":[{"href":"https:\/\/mapacar.pl\/index.php?rest_route=%2Fwp%2Fv2%2Fmedia&parent=170"}],"curies":[{"name":"wp","href":"https:\/\/api.w.org\/{rel}","templated":true}]}}