{"id":58,"date":"2020-03-31T19:31:37","date_gmt":"2020-03-31T17:31:37","guid":{"rendered":"http:\/\/mapacar.pl\/?page_id=58"},"modified":"2021-06-05T12:03:15","modified_gmt":"2021-06-05T10:03:15","slug":"narzedzia","status":"publish","type":"page","link":"https:\/\/mapacar.pl\/?page_id=58","title":{"rendered":"Narz\u0119dzia"},"content":{"rendered":"\n<p>W tym dziale, poka\u017c\u0119 z jakich narz\u0119dzi korzystam, om\u00f3wi\u0119 te\u017c plusy i minusy oraz jak to wykorzysta\u0107 w praktyce.<\/p>\n","protected":false},"excerpt":{"rendered":"<p>W tym dziale, poka\u017c\u0119 z jakich narz\u0119dzi korzystam, om\u00f3wi\u0119 te\u017c plusy i minusy oraz jak to wykorzysta\u0107 w praktyce.<\/p>\n","protected":false},"author":1,"featured_media":0,"parent":0,"menu_order":0,"comment_status":"closed","ping_status":"closed","template":"","meta":{"footnotes":""},"class_list":["post-58","page","type-page","status-publish","hentry"],"_links":{"self":[{"href":"https:\/\/mapacar.pl\/index.php?rest_route=\/wp\/v2\/pages\/58","targetHints":{"allow":["GET"]}}],"collection":[{"href":"https:\/\/mapacar.pl\/index.php?rest_route=\/wp\/v2\/pages"}],"about":[{"href":"https:\/\/mapacar.pl\/index.php?rest_route=\/wp\/v2\/types\/page"}],"author":[{"embeddable":true,"href":"https:\/\/mapacar.pl\/index.php?rest_route=\/wp\/v2\/users\/1"}],"replies":[{"embeddable":true,"href":"https:\/\/mapacar.pl\/index.php?rest_route=%2Fwp%2Fv2%2Fcomments&post=58"}],"version-history":[{"count":7,"href":"https:\/\/mapacar.pl\/index.php?rest_route=\/wp\/v2\/pages\/58\/revisions"}],"predecessor-version":[{"id":280,"href":"https:\/\/mapacar.pl\/index.php?rest_route=\/wp\/v2\/pages\/58\/revisions\/280"}],"wp:attachment":[{"href":"https:\/\/mapacar.pl\/index.php?rest_route=%2Fwp%2Fv2%2Fmedia&parent=58"}],"curies":[{"name":"wp","href":"https:\/\/api.w.org\/{rel}","templated":true}]}}