{"id":70,"date":"2020-03-31T19:37:01","date_gmt":"2020-03-31T17:37:01","guid":{"rendered":"http:\/\/mapacar.pl\/?page_id=70"},"modified":"2021-08-09T14:48:52","modified_gmt":"2021-08-09T12:48:52","slug":"po-godzinach","status":"publish","type":"page","link":"https:\/\/mapacar.pl\/?page_id=70","title":{"rendered":"Czy wiesz \u017ce&#8230;"},"content":{"rendered":"\n<p class=\"has-drop-cap\"><strong>1#<\/strong> W roku 1888 Szkot John Boyd Dunlop opatentowa\u0142 swoj\u0105 pierwsz\u0105 opon\u0119 pneumatyczn\u0105, lecz okaza\u0142o si\u0119 \u017ce oko\u0142o 41 lat wcze\u015bniej bardzo podobny patent zg\u0142osi\u0142 R.T. Thompson by\u0142 Anglikiem, na nieszcz\u0119\u015bcie Dunlopa jego patent zosta\u0142 uniewa\u017cniony.<\/p>\n","protected":false},"excerpt":{"rendered":"<p>1# W roku 1888 Szkot John Boyd Dunlop opatentowa\u0142 swoj\u0105 pierwsz\u0105 opon\u0119 pneumatyczn\u0105, lecz okaza\u0142o si\u0119 \u017ce oko\u0142o 41 lat wcze\u015bniej bardzo podobny patent zg\u0142osi\u0142 R.T. Thompson by\u0142 Anglikiem, na nieszcz\u0119\u015bcie Dunlopa jego patent zosta\u0142 uniewa\u017cniony.<\/p>\n","protected":false},"author":1,"featured_media":0,"parent":0,"menu_order":1,"comment_status":"closed","ping_status":"closed","template":"","meta":{"footnotes":""},"class_list":["post-70","page","type-page","status-publish","hentry"],"_links":{"self":[{"href":"https:\/\/mapacar.pl\/index.php?rest_route=\/wp\/v2\/pages\/70","targetHints":{"allow":["GET"]}}],"collection":[{"href":"https:\/\/mapacar.pl\/index.php?rest_route=\/wp\/v2\/pages"}],"about":[{"href":"https:\/\/mapacar.pl\/index.php?rest_route=\/wp\/v2\/types\/page"}],"author":[{"embeddable":true,"href":"https:\/\/mapacar.pl\/index.php?rest_route=\/wp\/v2\/users\/1"}],"replies":[{"embeddable":true,"href":"https:\/\/mapacar.pl\/index.php?rest_route=%2Fwp%2Fv2%2Fcomments&post=70"}],"version-history":[{"count":3,"href":"https:\/\/mapacar.pl\/index.php?rest_route=\/wp\/v2\/pages\/70\/revisions"}],"predecessor-version":[{"id":277,"href":"https:\/\/mapacar.pl\/index.php?rest_route=\/wp\/v2\/pages\/70\/revisions\/277"}],"wp:attachment":[{"href":"https:\/\/mapacar.pl\/index.php?rest_route=%2Fwp%2Fv2%2Fmedia&parent=70"}],"curies":[{"name":"wp","href":"https:\/\/api.w.org\/{rel}","templated":true}]}}